{"id":13,"date":"2025-09-22T10:48:37","date_gmt":"2025-09-22T13:48:37","guid":{"rendered":"https:\/\/ronaldomoyses.com.br\/?page_id=13"},"modified":"2025-09-23T05:34:07","modified_gmt":"2025-09-23T08:34:07","slug":"escritorio","status":"publish","type":"page","link":"https:\/\/ronaldomoyses.com.br\/en\/escritorio\/","title":{"rendered":"Office"},"content":{"rendered":"<p class=\"qtranxs-available-languages-message qtranxs-available-languages-message-en\">Sorry, this entry is only available in <a href=\"https:\/\/ronaldomoyses.com.br\/pb\/wp-json\/wp\/v2\/pages\/13\" class=\"qtranxs-available-language-link qtranxs-available-language-link-pb\" title=\"PT\">PT<\/a>.<\/p>","protected":false},"excerpt":{"rendered":"<p class=\"qtranxs-available-languages-message qtranxs-available-languages-message-en\">Sorry, this entry is only available in <a href=\"https:\/\/ronaldomoyses.com.br\/pb\/wp-json\/wp\/v2\/pages\/13\" class=\"qtranxs-available-language-link qtranxs-available-language-link-pb\" title=\"PT\">PT<\/a>.<\/p>\n","protected":false},"author":1,"featured_media":0,"parent":0,"menu_order":0,"comment_status":"closed","ping_status":"closed","template":"page-sobre.php","meta":{"_acf_changed":false,"footnotes":""},"class_list":["post-13","page","type-page","status-publish","hentry"],"acf":[],"yoast_head":"<!-- This site is optimized with the Yoast SEO plugin v27.2 - https:\/\/yoast.com\/product\/yoast-seo-wordpress\/ -->\n<title>Office - Ronaldo Moyses<\/title>\n<meta name=\"robots\" content=\"index, follow, max-snippet:-1, max-image-preview:large, max-video-preview:-1\" \/>\n<link rel=\"canonical\" href=\"https:\/\/ronaldomoyses.com.br\/en\/escritorio\/\" \/>\n<meta property=\"og:locale\" content=\"en_US\" \/>\n<meta property=\"og:type\" content=\"article\" \/>\n<meta property=\"og:title\" content=\"Office - Ronaldo Moyses\" \/>\n<meta property=\"og:description\" content=\"(PT) Nossa advocacia estrat\u00e9gica promove agilidade, \u00e9tica e excel\u00eancia. A proximidade e o olhar t\u00e9cnico sobre cada caso s\u00e3o a base de nossa proposta: entregar respostas jur\u00eddicas vi\u00e1veis, transparentes e sustent\u00e1veis, com foco no resultado e na preserva\u00e7\u00e3o de valor. Seja em uma transa\u00e7\u00e3o imobili\u00e1ria de alto valor agregado, no planejamento sucess\u00f3rio de um legado familiar ou na estrutura\u00e7\u00e3o jur\u00eddica de uma organiza\u00e7\u00e3o de impacto, nossa prioridade \u00e9 garantir tranquilidade e protagonismo ao cliente.\" \/>\n<meta property=\"og:url\" content=\"https:\/\/ronaldomoyses.com.br\/en\/escritorio\/\" \/>\n<meta property=\"og:site_name\" content=\"Ronaldo Moyses\" \/>\n<meta property=\"article:modified_time\" content=\"2025-09-23T08:34:07+00:00\" \/>\n<meta name=\"twitter:card\" content=\"summary_large_image\" \/>\n<meta name=\"twitter:label1\" content=\"Est. reading time\" \/>\n\t<meta name=\"twitter:data1\" content=\"1 minute\" \/>\n<script type=\"application\/ld+json\" class=\"yoast-schema-graph\">{\"@context\":\"https:\/\/schema.org\",\"@graph\":[{\"@type\":\"WebPage\",\"@id\":\"https:\/\/ronaldomoyses.com.br\/en\/escritorio\/\",\"url\":\"https:\/\/ronaldomoyses.com.br\/en\/escritorio\/\",\"name\":\"Office - Ronaldo Moyses\",\"isPartOf\":{\"@id\":\"https:\/\/ronaldomoyses.com.br\/en\/#website\"},\"datePublished\":\"2025-09-22T13:48:37+00:00\",\"dateModified\":\"2025-09-23T08:34:07+00:00\",\"breadcrumb\":{\"@id\":\"https:\/\/ronaldomoyses.com.br\/en\/escritorio\/#breadcrumb\"},\"inLanguage\":\"en-US\",\"potentialAction\":[{\"@type\":\"ReadAction\",\"target\":[[\"https:\/\/ronaldomoyses.com.br\/en\/escritorio\/\"]]}]},{\"@type\":\"BreadcrumbList\",\"@id\":\"https:\/\/ronaldomoyses.com.br\/en\/escritorio\/#breadcrumb\",\"itemListElement\":[{\"@type\":\"ListItem\",\"position\":1,\"name\":\"In\u00edcio\",\"item\":\"https:\/\/ronaldomoyses.com.br\/en\/\"},{\"@type\":\"ListItem\",\"position\":2,\"name\":\"Escrit\u00f3rio\"}]},{\"@type\":\"WebSite\",\"@id\":\"https:\/\/ronaldomoyses.com.br\/en\/#website\",\"url\":\"https:\/\/ronaldomoyses.com.br\/en\/\",\"name\":\"Ronaldo Moyses Advocacia\",\"description\":\"\",\"publisher\":{\"@id\":\"https:\/\/ronaldomoyses.com.br\/en\/#organization\"},\"potentialAction\":[{\"@type\":\"SearchAction\",\"target\":{\"@type\":\"EntryPoint\",\"urlTemplate\":\"https:\/\/ronaldomoyses.com.br\/en\/?s={search_term_string}\"},\"query-input\":{\"@type\":\"PropertyValueSpecification\",\"valueRequired\":true,\"valueName\":\"search_term_string\"}}],\"inLanguage\":\"en-US\"},{\"@type\":\"Organization\",\"@id\":\"https:\/\/ronaldomoyses.com.br\/en\/#organization\",\"name\":\"Ronaldo Moyses Advocacia\",\"url\":\"https:\/\/ronaldomoyses.com.br\/en\/\",\"logo\":{\"@type\":\"ImageObject\",\"inLanguage\":\"en-US\",\"@id\":\"https:\/\/ronaldomoyses.com.br\/en\/#\/schema\/logo\/image\/\",\"url\":\"https:\/\/ronaldomoyses.com.br\/wp-content\/uploads\/2025\/10\/Sem-nome-800-x-400-px-1.png\",\"contentUrl\":\"https:\/\/ronaldomoyses.com.br\/wp-content\/uploads\/2025\/10\/Sem-nome-800-x-400-px-1.png\",\"width\":800,\"height\":400,\"caption\":\"Ronaldo Moyses Advocacia\"},\"image\":{\"@id\":\"https:\/\/ronaldomoyses.com.br\/en\/#\/schema\/logo\/image\/\"},\"sameAs\":[\"https:\/\/www.linkedin.com\/in\/ronaldo-moyses\/\"]}]}<\/script>\n<!-- \/ Yoast SEO plugin. -->","yoast_head_json":{"title":"Office - Ronaldo Moyses","robots":{"index":"index","follow":"follow","max-snippet":"max-snippet:-1","max-image-preview":"max-image-preview:large","max-video-preview":"max-video-preview:-1"},"canonical":"https:\/\/ronaldomoyses.com.br\/en\/escritorio\/","og_locale":"en_US","og_type":"article","og_title":"Office - Ronaldo Moyses","og_description":"(PT) Nossa advocacia estrat\u00e9gica promove agilidade, \u00e9tica e excel\u00eancia. A proximidade e o olhar t\u00e9cnico sobre cada caso s\u00e3o a base de nossa proposta: entregar respostas jur\u00eddicas vi\u00e1veis, transparentes e sustent\u00e1veis, com foco no resultado e na preserva\u00e7\u00e3o de valor. Seja em uma transa\u00e7\u00e3o imobili\u00e1ria de alto valor agregado, no planejamento sucess\u00f3rio de um legado familiar ou na estrutura\u00e7\u00e3o jur\u00eddica de uma organiza\u00e7\u00e3o de impacto, nossa prioridade \u00e9 garantir tranquilidade e protagonismo ao cliente.","og_url":"https:\/\/ronaldomoyses.com.br\/en\/escritorio\/","og_site_name":"Ronaldo Moyses","article_modified_time":"2025-09-23T08:34:07+00:00","twitter_card":"summary_large_image","twitter_misc":{"Est. reading time":"1 minute"},"schema":{"@context":"https:\/\/schema.org","@graph":[{"@type":"WebPage","@id":"https:\/\/ronaldomoyses.com.br\/en\/escritorio\/","url":"https:\/\/ronaldomoyses.com.br\/en\/escritorio\/","name":"Office - Ronaldo Moyses","isPartOf":{"@id":"https:\/\/ronaldomoyses.com.br\/en\/#website"},"datePublished":"2025-09-22T13:48:37+00:00","dateModified":"2025-09-23T08:34:07+00:00","breadcrumb":{"@id":"https:\/\/ronaldomoyses.com.br\/en\/escritorio\/#breadcrumb"},"inLanguage":"en-US","potentialAction":[{"@type":"ReadAction","target":[["https:\/\/ronaldomoyses.com.br\/en\/escritorio\/"]]}]},{"@type":"BreadcrumbList","@id":"https:\/\/ronaldomoyses.com.br\/en\/escritorio\/#breadcrumb","itemListElement":[{"@type":"ListItem","position":1,"name":"In\u00edcio","item":"https:\/\/ronaldomoyses.com.br\/en\/"},{"@type":"ListItem","position":2,"name":"Escrit\u00f3rio"}]},{"@type":"WebSite","@id":"https:\/\/ronaldomoyses.com.br\/en\/#website","url":"https:\/\/ronaldomoyses.com.br\/en\/","name":"Ronaldo Moyses Advocacia","description":"","publisher":{"@id":"https:\/\/ronaldomoyses.com.br\/en\/#organization"},"potentialAction":[{"@type":"SearchAction","target":{"@type":"EntryPoint","urlTemplate":"https:\/\/ronaldomoyses.com.br\/en\/?s={search_term_string}"},"query-input":{"@type":"PropertyValueSpecification","valueRequired":true,"valueName":"search_term_string"}}],"inLanguage":"en-US"},{"@type":"Organization","@id":"https:\/\/ronaldomoyses.com.br\/en\/#organization","name":"Ronaldo Moyses Advocacia","url":"https:\/\/ronaldomoyses.com.br\/en\/","logo":{"@type":"ImageObject","inLanguage":"en-US","@id":"https:\/\/ronaldomoyses.com.br\/en\/#\/schema\/logo\/image\/","url":"https:\/\/ronaldomoyses.com.br\/wp-content\/uploads\/2025\/10\/Sem-nome-800-x-400-px-1.png","contentUrl":"https:\/\/ronaldomoyses.com.br\/wp-content\/uploads\/2025\/10\/Sem-nome-800-x-400-px-1.png","width":800,"height":400,"caption":"Ronaldo Moyses Advocacia"},"image":{"@id":"https:\/\/ronaldomoyses.com.br\/en\/#\/schema\/logo\/image\/"},"sameAs":["https:\/\/www.linkedin.com\/in\/ronaldo-moyses\/"]}]}},"_links":{"self":[{"href":"https:\/\/ronaldomoyses.com.br\/en\/wp-json\/wp\/v2\/pages\/13","targetHints":{"allow":["GET"]}}],"collection":[{"href":"https:\/\/ronaldomoyses.com.br\/en\/wp-json\/wp\/v2\/pages"}],"about":[{"href":"https:\/\/ronaldomoyses.com.br\/en\/wp-json\/wp\/v2\/types\/page"}],"author":[{"embeddable":true,"href":"https:\/\/ronaldomoyses.com.br\/en\/wp-json\/wp\/v2\/users\/1"}],"replies":[{"embeddable":true,"href":"https:\/\/ronaldomoyses.com.br\/en\/wp-json\/wp\/v2\/comments?post=13"}],"version-history":[{"count":5,"href":"https:\/\/ronaldomoyses.com.br\/en\/wp-json\/wp\/v2\/pages\/13\/revisions"}],"predecessor-version":[{"id":155,"href":"https:\/\/ronaldomoyses.com.br\/en\/wp-json\/wp\/v2\/pages\/13\/revisions\/155"}],"wp:attachment":[{"href":"https:\/\/ronaldomoyses.com.br\/en\/wp-json\/wp\/v2\/media?parent=13"}],"curies":[{"name":"wp","href":"https:\/\/api.w.org\/{rel}","templated":true}]}}