{"id":11,"date":"2025-09-22T10:48:31","date_gmt":"2025-09-22T13:48:31","guid":{"rendered":"https:\/\/ronaldomoyses.com.br\/?page_id=11"},"modified":"2025-10-08T14:00:13","modified_gmt":"2025-10-08T17:00:13","slug":"english-home","status":"publish","type":"page","link":"https:\/\/ronaldomoyses.com.br\/en\/","title":{"rendered":"Home"},"content":{"rendered":"<p class=\"qtranxs-available-languages-message qtranxs-available-languages-message-en\">Sorry, this entry is only available in <a href=\"https:\/\/ronaldomoyses.com.br\/pb\/wp-json\/wp\/v2\/pages\/11\" class=\"qtranxs-available-language-link qtranxs-available-language-link-pb\" title=\"PT\">PT<\/a>.<\/p>","protected":false},"excerpt":{"rendered":"<p class=\"qtranxs-available-languages-message qtranxs-available-languages-message-en\">Sorry, this entry is only available in <a href=\"https:\/\/ronaldomoyses.com.br\/pb\/wp-json\/wp\/v2\/pages\/11\" class=\"qtranxs-available-language-link qtranxs-available-language-link-pb\" title=\"PT\">PT<\/a>.<\/p>\n","protected":false},"author":1,"featured_media":0,"parent":0,"menu_order":0,"comment_status":"closed","ping_status":"closed","template":"index.php","meta":{"_acf_changed":false,"footnotes":""},"class_list":["post-11","page","type-page","status-publish","hentry"],"acf":[],"yoast_head":"<!-- This site is optimized with the Yoast SEO plugin v27.2 - https:\/\/yoast.com\/product\/yoast-seo-wordpress\/ -->\n<title>Home - Ronaldo Moyses<\/title>\n<meta name=\"robots\" content=\"index, follow, max-snippet:-1, max-image-preview:large, max-video-preview:-1\" \/>\n<link rel=\"canonical\" href=\"https:\/\/ronaldomoyses.com.br\/en\/\" \/>\n<meta property=\"og:locale\" content=\"en_US\" \/>\n<meta property=\"og:type\" content=\"article\" \/>\n<meta property=\"og:title\" content=\"Home - Ronaldo Moyses\" \/>\n<meta property=\"og:description\" content=\"(PT) Intelig\u00eancia jur\u00eddica, escuta estrat\u00e9gica e solu\u00e7\u00f5es eficazes\" \/>\n<meta property=\"og:url\" content=\"https:\/\/ronaldomoyses.com.br\/en\/\" \/>\n<meta property=\"og:site_name\" content=\"Ronaldo Moyses\" \/>\n<meta property=\"article:modified_time\" content=\"2025-10-08T17:00:13+00:00\" \/>\n<meta name=\"twitter:card\" content=\"summary_large_image\" \/>\n<script type=\"application\/ld+json\" class=\"yoast-schema-graph\">{\"@context\":\"https:\/\/schema.org\",\"@graph\":[{\"@type\":\"WebPage\",\"@id\":\"https:\/\/ronaldomoyses.com.br\/en\/\",\"url\":\"https:\/\/ronaldomoyses.com.br\/en\/\",\"name\":\"Home - Ronaldo Moyses\",\"isPartOf\":{\"@id\":\"https:\/\/ronaldomoyses.com.br\/en\/#website\"},\"datePublished\":\"2025-09-22T13:48:31+00:00\",\"dateModified\":\"2025-10-08T17:00:13+00:00\",\"breadcrumb\":{\"@id\":\"https:\/\/ronaldomoyses.com.br\/en\/#breadcrumb\"},\"inLanguage\":\"en-US\",\"potentialAction\":[{\"@type\":\"ReadAction\",\"target\":[[\"https:\/\/ronaldomoyses.com.br\/en\/\"]]}]},{\"@type\":\"BreadcrumbList\",\"@id\":\"https:\/\/ronaldomoyses.com.br\/en\/#breadcrumb\",\"itemListElement\":[{\"@type\":\"ListItem\",\"position\":1,\"name\":\"In\u00edcio\",\"item\":\"https:\/\/ronaldomoyses.com.br\/en\/\"},{\"@type\":\"ListItem\",\"position\":2,\"name\":\"Home\"}]},{\"@type\":\"WebSite\",\"@id\":\"https:\/\/ronaldomoyses.com.br\/en\/#website\",\"url\":\"https:\/\/ronaldomoyses.com.br\/en\/\",\"name\":\"Ronaldo Moyses Advocacia\",\"description\":\"\",\"publisher\":{\"@id\":\"https:\/\/ronaldomoyses.com.br\/en\/#organization\"},\"potentialAction\":[{\"@type\":\"SearchAction\",\"target\":{\"@type\":\"EntryPoint\",\"urlTemplate\":\"https:\/\/ronaldomoyses.com.br\/en\/?s={search_term_string}\"},\"query-input\":{\"@type\":\"PropertyValueSpecification\",\"valueRequired\":true,\"valueName\":\"search_term_string\"}}],\"inLanguage\":\"en-US\"},{\"@type\":\"Organization\",\"@id\":\"https:\/\/ronaldomoyses.com.br\/en\/#organization\",\"name\":\"Ronaldo Moyses Advocacia\",\"url\":\"https:\/\/ronaldomoyses.com.br\/en\/\",\"logo\":{\"@type\":\"ImageObject\",\"inLanguage\":\"en-US\",\"@id\":\"https:\/\/ronaldomoyses.com.br\/en\/#\/schema\/logo\/image\/\",\"url\":\"https:\/\/ronaldomoyses.com.br\/wp-content\/uploads\/2025\/10\/Sem-nome-800-x-400-px-1.png\",\"contentUrl\":\"https:\/\/ronaldomoyses.com.br\/wp-content\/uploads\/2025\/10\/Sem-nome-800-x-400-px-1.png\",\"width\":800,\"height\":400,\"caption\":\"Ronaldo Moyses Advocacia\"},\"image\":{\"@id\":\"https:\/\/ronaldomoyses.com.br\/en\/#\/schema\/logo\/image\/\"},\"sameAs\":[\"https:\/\/www.linkedin.com\/in\/ronaldo-moyses\/\"]}]}<\/script>\n<!-- \/ Yoast SEO plugin. -->","yoast_head_json":{"title":"Home - Ronaldo Moyses","robots":{"index":"index","follow":"follow","max-snippet":"max-snippet:-1","max-image-preview":"max-image-preview:large","max-video-preview":"max-video-preview:-1"},"canonical":"https:\/\/ronaldomoyses.com.br\/en\/","og_locale":"en_US","og_type":"article","og_title":"Home - Ronaldo Moyses","og_description":"(PT) Intelig\u00eancia jur\u00eddica, escuta estrat\u00e9gica e solu\u00e7\u00f5es eficazes","og_url":"https:\/\/ronaldomoyses.com.br\/en\/","og_site_name":"Ronaldo Moyses","article_modified_time":"2025-10-08T17:00:13+00:00","twitter_card":"summary_large_image","schema":{"@context":"https:\/\/schema.org","@graph":[{"@type":"WebPage","@id":"https:\/\/ronaldomoyses.com.br\/en\/","url":"https:\/\/ronaldomoyses.com.br\/en\/","name":"Home - Ronaldo Moyses","isPartOf":{"@id":"https:\/\/ronaldomoyses.com.br\/en\/#website"},"datePublished":"2025-09-22T13:48:31+00:00","dateModified":"2025-10-08T17:00:13+00:00","breadcrumb":{"@id":"https:\/\/ronaldomoyses.com.br\/en\/#breadcrumb"},"inLanguage":"en-US","potentialAction":[{"@type":"ReadAction","target":[["https:\/\/ronaldomoyses.com.br\/en\/"]]}]},{"@type":"BreadcrumbList","@id":"https:\/\/ronaldomoyses.com.br\/en\/#breadcrumb","itemListElement":[{"@type":"ListItem","position":1,"name":"In\u00edcio","item":"https:\/\/ronaldomoyses.com.br\/en\/"},{"@type":"ListItem","position":2,"name":"Home"}]},{"@type":"WebSite","@id":"https:\/\/ronaldomoyses.com.br\/en\/#website","url":"https:\/\/ronaldomoyses.com.br\/en\/","name":"Ronaldo Moyses Advocacia","description":"","publisher":{"@id":"https:\/\/ronaldomoyses.com.br\/en\/#organization"},"potentialAction":[{"@type":"SearchAction","target":{"@type":"EntryPoint","urlTemplate":"https:\/\/ronaldomoyses.com.br\/en\/?s={search_term_string}"},"query-input":{"@type":"PropertyValueSpecification","valueRequired":true,"valueName":"search_term_string"}}],"inLanguage":"en-US"},{"@type":"Organization","@id":"https:\/\/ronaldomoyses.com.br\/en\/#organization","name":"Ronaldo Moyses Advocacia","url":"https:\/\/ronaldomoyses.com.br\/en\/","logo":{"@type":"ImageObject","inLanguage":"en-US","@id":"https:\/\/ronaldomoyses.com.br\/en\/#\/schema\/logo\/image\/","url":"https:\/\/ronaldomoyses.com.br\/wp-content\/uploads\/2025\/10\/Sem-nome-800-x-400-px-1.png","contentUrl":"https:\/\/ronaldomoyses.com.br\/wp-content\/uploads\/2025\/10\/Sem-nome-800-x-400-px-1.png","width":800,"height":400,"caption":"Ronaldo Moyses Advocacia"},"image":{"@id":"https:\/\/ronaldomoyses.com.br\/en\/#\/schema\/logo\/image\/"},"sameAs":["https:\/\/www.linkedin.com\/in\/ronaldo-moyses\/"]}]}},"_links":{"self":[{"href":"https:\/\/ronaldomoyses.com.br\/en\/wp-json\/wp\/v2\/pages\/11","targetHints":{"allow":["GET"]}}],"collection":[{"href":"https:\/\/ronaldomoyses.com.br\/en\/wp-json\/wp\/v2\/pages"}],"about":[{"href":"https:\/\/ronaldomoyses.com.br\/en\/wp-json\/wp\/v2\/types\/page"}],"author":[{"embeddable":true,"href":"https:\/\/ronaldomoyses.com.br\/en\/wp-json\/wp\/v2\/users\/1"}],"replies":[{"embeddable":true,"href":"https:\/\/ronaldomoyses.com.br\/en\/wp-json\/wp\/v2\/comments?post=11"}],"version-history":[{"count":7,"href":"https:\/\/ronaldomoyses.com.br\/en\/wp-json\/wp\/v2\/pages\/11\/revisions"}],"predecessor-version":[{"id":209,"href":"https:\/\/ronaldomoyses.com.br\/en\/wp-json\/wp\/v2\/pages\/11\/revisions\/209"}],"wp:attachment":[{"href":"https:\/\/ronaldomoyses.com.br\/en\/wp-json\/wp\/v2\/media?parent=11"}],"curies":[{"name":"wp","href":"https:\/\/api.w.org\/{rel}","templated":true}]}}